{"id":47,"date":"2015-10-09T17:17:30","date_gmt":"2015-10-09T17:17:30","guid":{"rendered":"http:\/\/skisprungschule.com\/wp\/?page_id=47"},"modified":"2015-10-10T14:23:03","modified_gmt":"2015-10-10T12:23:03","slug":"trainer","status":"publish","type":"page","link":"http:\/\/skisprungschule.com\/wp\/skisprungschule\/trainer\/","title":{"rendered":"Trainer"},"content":{"rendered":"<div class=\"one_half \"><\/p>\n<h2>Mag. Dipl PT Florian Greimel<\/h2>\n<p>wurde am 1977 in Salzburg geboren, ist verheiratet und hat 2 Kinder.<br \/>\nEr ist diplomierter Physiotherapeut und Magister der Sportwissenschaft.<\/p>\n<p>Florian Greimel hat das Skigymnasium Stams in Tirol als Skispringer absolviert und die Lehrwartausbildung an der BAFL Insbruch abgeschlossen.<br \/>\nEr hat ein abgeschlossenes Studium der Sportwissenschaften an der Universit\u00e4t Salzburg ebenso vorzuweisen wie die Ausbildung zum Physiotherapeuten an den Landeskliniken Salzburg.<br \/>\nWeiters absolvierte er eine Trainergrundkurs an der BAFL Linz und einen Trainerspezialkurs f\u00fcr Skisprunglauf an der Sportakademie Innsbruck.<\/p>\n<p>Seine Beruflichen Schwerpunkte setzte Florian Greimel bei seiner T\u00e4tigkeit als Trainer f\u00fcr Skisprunglauf im Skiclub Seekirchen, beim Landesverband Salzburg, an der Nordischen Skihauptschule Saalfelden und am Gymnasium HIB in Saalfelden.<br \/>\nEr ist sein 2003 in einer Physiotherapie-Praxis in der Stadt Salzburg t\u00e4tig und er\u00f6ffnete 2009 seine eigene Skisprungschule.<br \/>\n<\/div>\n<div class=\"one_half  last_column\"><br \/>\n<img loading=\"lazy\" class=\"alignnone size-medium wp-image-11\" src=\"http:\/\/skisprungschule.com\/wp\/wp-content\/uploads\/2015\/10\/Florian-Greimel-klein-217x300.jpg\" alt=\"Florian Greimel\" width=\"217\" height=\"300\" srcset=\"http:\/\/skisprungschule.com\/wp\/wp-content\/uploads\/2015\/10\/Florian-Greimel-klein-217x300.jpg 217w, http:\/\/skisprungschule.com\/wp\/wp-content\/uploads\/2015\/10\/Florian-Greimel-klein.jpg 300w\" sizes=\"(max-width: 217px) 100vw, 217px\" \/><br \/>\n<\/div>\n<p><div class=\"clear hrule\"><\/div><div style=\"clear:both; min-height:20px; height:20px; background:url(http:\/\/skisprungschule.com\/wp\/wp-content\/themes\/skt-white-pro\/images\/hr_double.png) no-repeat center center transparent;\"><\/div><\/p>\n<div class=\"one_half \"><br \/>\n<img loading=\"lazy\" class=\"alignnone size-medium wp-image-6\" src=\"http:\/\/skisprungschule.com\/wp\/wp-content\/uploads\/2015\/10\/Oberhauser-David.klein_-217x300.jpg\" alt=\"Oberhauser David\" width=\"217\" height=\"300\" srcset=\"http:\/\/skisprungschule.com\/wp\/wp-content\/uploads\/2015\/10\/Oberhauser-David.klein_-217x300.jpg 217w, http:\/\/skisprungschule.com\/wp\/wp-content\/uploads\/2015\/10\/Oberhauser-David.klein_.jpg 300w\" sizes=\"(max-width: 217px) 100vw, 217px\" \/><\/div>\n<div class=\"one_half  last_column\"><\/p>\n<h2>David Oberhauser<\/h2>\n<p>wurde 1992 in Oberndorf geboren und ist ledig.<\/p>\n<p>Er begann seine Ausbildung am Salzburger Real Gymnasium in der Akademiestra\u00dfe und im BORG Nonntal.<br \/>\nNach einem Auslandsjahr in Brasilien und dem Wehrdienst bei den Hochgebirgsj\u00e4gern in Tamsweg absolvierte er ein Sportwissenschaften- und Physikstudium in Salzburg.<br \/>\nDavid Oberhauser spricht deutsch, englisch, portugisisch und italienisch.<br \/>\nSeine Hobbys sind Skifahren, Snowboarden, Tennis, Mountainbiken und Volleball.<br \/>\nEr genoss auch eine Ausbildung zum Fitlehrwart\/Instructor f\u00fcr Erwachsene sowie die Ausbildung zum Skilehrer Anw\u00e4rter und zum Tennis \u00dcbungsleiter. Weiters ist er augebildeter Skilehrer\/Landeslehrer.<br \/>\n<\/div>\n","protected":false},"excerpt":{"rendered":"","protected":false},"author":1,"featured_media":0,"parent":19,"menu_order":3,"comment_status":"closed","ping_status":"closed","template":"","meta":[],"jetpack_sharing_enabled":true,"jetpack_shortlink":"https:\/\/wp.me\/P79bug-L","_links":{"self":[{"href":"http:\/\/skisprungschule.com\/wp\/wp-json\/wp\/v2\/pages\/47"}],"collection":[{"href":"http:\/\/skisprungschule.com\/wp\/wp-json\/wp\/v2\/pages"}],"about":[{"href":"http:\/\/skisprungschule.com\/wp\/wp-json\/wp\/v2\/types\/page"}],"author":[{"embeddable":true,"href":"http:\/\/skisprungschule.com\/wp\/wp-json\/wp\/v2\/users\/1"}],"replies":[{"embeddable":true,"href":"http:\/\/skisprungschule.com\/wp\/wp-json\/wp\/v2\/comments?post=47"}],"version-history":[{"count":9,"href":"http:\/\/skisprungschule.com\/wp\/wp-json\/wp\/v2\/pages\/47\/revisions"}],"predecessor-version":[{"id":79,"href":"http:\/\/skisprungschule.com\/wp\/wp-json\/wp\/v2\/pages\/47\/revisions\/79"}],"up":[{"embeddable":true,"href":"http:\/\/skisprungschule.com\/wp\/wp-json\/wp\/v2\/pages\/19"}],"wp:attachment":[{"href":"http:\/\/skisprungschule.com\/wp\/wp-json\/wp\/v2\/media?parent=47"}],"curies":[{"name":"wp","href":"https:\/\/api.w.org\/{rel}","templated":true}]}}